{"id":14439,"date":"2021-01-14T07:38:01","date_gmt":"2021-01-14T05:38:01","guid":{"rendered":"https:\/\/finestmedia.ee\/kontakt\/"},"modified":"2026-02-10T20:52:21","modified_gmt":"2026-02-10T18:52:21","slug":"kontakt","status":"publish","type":"page","link":"https:\/\/finest.eu\/pl\/kontakt\/","title":{"rendered":"Kontakt"},"content":{"rendered":"\t\t<div data-elementor-type=\"wp-page\" data-elementor-id=\"14439\" class=\"elementor elementor-14439 elementor-3132\" data-elementor-post-type=\"page\">\n\t\t\t\t\t\t<section class=\"elementor-section elementor-top-section elementor-element elementor-element-4300860 elementor-section-boxed elementor-section-height-default elementor-section-height-default\" data-id=\"4300860\" data-element_type=\"section\" data-e-type=\"section\">\n\t\t\t\t\t\t<div class=\"elementor-container elementor-column-gap-default\">\n\t\t\t\t\t<div class=\"elementor-column elementor-col-100 elementor-top-column elementor-element elementor-element-c750131\" data-id=\"c750131\" data-element_type=\"column\" data-e-type=\"column\">\n\t\t\t<div class=\"elementor-widget-wrap\">\n\t\t\t\t\t\t\t<\/div>\n\t\t<\/div>\n\t\t\t\t\t<\/div>\n\t\t<\/section>\n\t\t\t\t<section class=\"elementor-section elementor-top-section elementor-element elementor-element-9c05263 elementor-section-boxed elementor-section-height-default elementor-section-height-default\" data-id=\"9c05263\" data-element_type=\"section\" data-e-type=\"section\">\n\t\t\t\t\t\t<div class=\"elementor-container elementor-column-gap-default\">\n\t\t\t\t\t<div class=\"elementor-column elementor-col-100 elementor-top-column elementor-element elementor-element-04d3561\" data-id=\"04d3561\" data-element_type=\"column\" data-e-type=\"column\">\n\t\t\t<div class=\"elementor-widget-wrap elementor-element-populated\">\n\t\t\t\t\t\t<div class=\"elementor-element elementor-element-c361dbb elementor-widget elementor-widget-sectiontitle\" data-id=\"c361dbb\" data-element_type=\"widget\" data-e-type=\"widget\" data-widget_type=\"sectiontitle.default\">\n\t\t\t\t<div class=\"elementor-widget-container\">\n\t\t\t\t\t\r\n\t\t\t\t\t<div class=\"style-seven\">\r\n\r\n\t\t\t\t<div class=\"section-title t_center\">\r\n\t\t\t\t\t\r\n\t\t\t\t\t\r\n\t\t\t\t\t \r\n\t\t\t\t\t\t<h2>Skontaktuj si\u0119<span> z nami!<\/span><\/h2>\r\n\t\t\t\t\t\r\n\t\t\t\t\t \r\n\t\t\t\t\t\t<p>To do nas zg\u0142aszaj\u0105 si\u0119 ludzie, gdy chc\u0105 mie\u0107 wspania\u0142e miejsce pracy lub e-biznes funkcjonuj\u0105cy jak w zegarku. <\/p>\r\n\t\t\t\t\t\r\n\r\n\r\n\t\t\t\t<\/div>\t\r\n\r\n\t\t\t<\/div>\r\n\r\n\t\t\r\n\t\t\t\t\t\t<\/div>\n\t\t\t\t<\/div>\n\t\t\t\t<div class=\"elementor-element elementor-element-aeff2d9 elementor-button-align-stretch elementor-widget elementor-widget-form\" data-id=\"aeff2d9\" data-element_type=\"widget\" data-e-type=\"widget\" data-settings=\"{&quot;step_next_label&quot;:&quot;do przodu&quot;,&quot;step_previous_label&quot;:&quot;z powrotem&quot;,&quot;button_width&quot;:&quot;100&quot;,&quot;step_type&quot;:&quot;number_text&quot;,&quot;step_icon_shape&quot;:&quot;circle&quot;}\" data-widget_type=\"form.default\">\n\t\t\t\t<div class=\"elementor-widget-container\">\n\t\t\t\t\t\t\t<form class=\"elementor-form\" method=\"post\" name=\"Powiadomienia na stronie g\u0142\u00f3wnej Finestmedia\" aria-label=\"Powiadomienia na stronie g\u0142\u00f3wnej Finestmedia\">\n\t\t\t<input type=\"hidden\" name=\"post_id\" value=\"14439\"\/>\n\t\t\t<input type=\"hidden\" name=\"form_id\" value=\"aeff2d9\"\/>\n\t\t\t<input type=\"hidden\" name=\"referer_title\" value=\"Kontakt\" \/>\n\n\t\t\t\t\t\t\t<input type=\"hidden\" name=\"queried_id\" value=\"14439\"\/>\n\t\t\t\n\t\t\t<div class=\"elementor-form-fields-wrapper elementor-labels-above\">\n\t\t\t\t\t\t\t\t<div class=\"elementor-field-type-text elementor-field-group elementor-column elementor-field-group-name elementor-col-100 elementor-field-required elementor-mark-required\">\n\t\t\t\t\t\t\t\t\t\t\t\t<label for=\"form-field-name\" class=\"elementor-field-label\">\n\t\t\t\t\t\t\t\tImi\u0119\t\t\t\t\t\t\t<\/label>\n\t\t\t\t\t\t\t\t\t\t\t\t\t\t<input size=\"1\" type=\"text\" name=\"form_fields[name]\" id=\"form-field-name\" class=\"elementor-field elementor-size-sm  elementor-field-textual\" placeholder=\"Imi\u0119\" required=\"required\">\n\t\t\t\t\t\t\t\t\t\t\t<\/div>\n\t\t\t\t\t\t\t\t<div class=\"elementor-field-type-email elementor-field-group elementor-column elementor-field-group-email elementor-col-100 elementor-field-required elementor-mark-required\">\n\t\t\t\t\t\t\t\t\t\t\t\t<label for=\"form-field-email\" class=\"elementor-field-label\">\n\t\t\t\t\t\t\t\tE-mail\t\t\t\t\t\t\t<\/label>\n\t\t\t\t\t\t\t\t\t\t\t\t\t\t<input size=\"1\" type=\"email\" name=\"form_fields[email]\" id=\"form-field-email\" class=\"elementor-field elementor-size-sm  elementor-field-textual\" placeholder=\"E-mail\" required=\"required\">\n\t\t\t\t\t\t\t\t\t\t\t<\/div>\n\t\t\t\t\t\t\t\t<div class=\"elementor-field-type-textarea elementor-field-group elementor-column elementor-field-group-message elementor-col-100 elementor-field-required elementor-mark-required\">\n\t\t\t\t\t\t\t\t\t\t\t\t<label for=\"form-field-message\" class=\"elementor-field-label\">\n\t\t\t\t\t\t\t\tWiadomo\u015b\u0107\t\t\t\t\t\t\t<\/label>\n\t\t\t\t\t\t<textarea class=\"elementor-field-textual elementor-field  elementor-size-sm\" name=\"form_fields[message]\" id=\"form-field-message\" rows=\"4\" placeholder=\"Wiadomo\u015b\u0107\" required=\"required\"><\/textarea>\t\t\t\t<\/div>\n\t\t\t\t\t\t\t\t<div class=\"elementor-field-type-recaptcha_v3 elementor-field-group elementor-column elementor-field-group-field_b918cba elementor-col-100 recaptcha_v3-bottomright\">\n\t\t\t\t\t<div class=\"elementor-field\" id=\"form-field-field_b918cba\"><div class=\"elementor-g-recaptcha\" data-sitekey=\"6LcHak0qAAAAAAKF5nqO1ZykcOKuGE5M0SjC6sXU\" data-type=\"v3\" data-action=\"Form\" data-badge=\"bottomright\" data-size=\"invisible\"><\/div><\/div>\t\t\t\t<\/div>\n\t\t\t\t\t\t\t\t<div class=\"elementor-field-group elementor-column elementor-field-type-submit elementor-col-100 e-form__buttons\">\n\t\t\t\t\t<button class=\"elementor-button elementor-size-sm elementor-animation-grow\" type=\"submit\">\n\t\t\t\t\t\t<span class=\"elementor-button-content-wrapper\">\n\t\t\t\t\t\t\t\t\t\t\t\t\t\t\t\t\t\t\t\t\t\t<span class=\"elementor-button-text\">Wys\u0142a\u0107<\/span>\n\t\t\t\t\t\t\t\t\t\t\t\t\t<\/span>\n\t\t\t\t\t<\/button>\n\t\t\t\t<\/div>\n\t\t\t<\/div>\n\t\t<\/form>\n\t\t\t\t\t\t<\/div>\n\t\t\t\t<\/div>\n\t\t\t\t\t<\/div>\n\t\t<\/div>\n\t\t\t\t\t<\/div>\n\t\t<\/section>\n\t\t\t\t<section class=\"elementor-section elementor-top-section elementor-element elementor-element-ab5d7d1 elementor-section-boxed elementor-section-height-default elementor-section-height-default\" data-id=\"ab5d7d1\" data-element_type=\"section\" data-e-type=\"section\">\n\t\t\t\t\t\t<div class=\"elementor-container elementor-column-gap-default\">\n\t\t\t\t\t<div class=\"elementor-column elementor-col-33 elementor-top-column elementor-element elementor-element-21cc7a7\" data-id=\"21cc7a7\" data-element_type=\"column\" data-e-type=\"column\">\n\t\t\t<div class=\"elementor-widget-wrap elementor-element-populated\">\n\t\t\t\t\t\t<div class=\"elementor-element elementor-element-5f49b0a elementor-widget elementor-widget-iconbox\" data-id=\"5f49b0a\" data-element_type=\"widget\" data-e-type=\"widget\" data-widget_type=\"iconbox.default\">\n\t\t\t\t<div class=\"elementor-widget-container\">\n\t\t\t\t\t\n\t\t\n\t\t<div class=\"icon-box style-two\">\n\n\t\t\t<div class=\"icon-box-icon\">\n\n\t\t\t\t\t\t\t\t<div class=\"icon\">\n\t\t\t\t\t<i class=\"flaticon flaticon-placeholder\"><\/i>\n\t\t\t\t<\/div>\n\n\t\t\t\t\n\t\t\t<\/div>\n\n\t\t\t<div class=\"icon-box-content\">\n\t\t\t\t<div class=\"title\">\n\t\t\t\t\t<h2>FINEST AS<\/h2>\n\t\t\t\t<\/div>\n\t\t\t\t<div class=\"description\">\n\t\t\t\t\t<p><b>G\u0142\u00f3wne biuro (Tallinn)<\/b>\n<br>Tartu mnt 80D, 10112, Tallinn, Estonia\n<br><b>Tartu biuro<\/b>\n<br>Kompanii 10, 51007, Tartu, Estonia\n<br>\n<br>KRS: 10714404\n<br>KMKR: EE100661873\n<br>Tel: (+372) 655 8043<\/p>\n\t\t\t\t<\/div>\n\t\t\t<\/div>\n\t\t<\/div>\n\t\t\n\t\t\n\t\t\t\t\t\t<\/div>\n\t\t\t\t<\/div>\n\t\t\t\t\t<\/div>\n\t\t<\/div>\n\t\t\t\t<div class=\"elementor-column elementor-col-33 elementor-top-column elementor-element elementor-element-2a211bb\" data-id=\"2a211bb\" data-element_type=\"column\" data-e-type=\"column\">\n\t\t\t<div class=\"elementor-widget-wrap elementor-element-populated\">\n\t\t\t\t\t\t<div class=\"elementor-element elementor-element-34efd43 elementor-widget elementor-widget-iconbox\" data-id=\"34efd43\" data-element_type=\"widget\" data-e-type=\"widget\" data-widget_type=\"iconbox.default\">\n\t\t\t\t<div class=\"elementor-widget-container\">\n\t\t\t\t\t\n\t\t\n\t\t<div class=\"icon-box style-two\">\n\n\t\t\t<div class=\"icon-box-icon\">\n\n\t\t\t\t\t\t\t\t<div class=\"icon\">\n\t\t\t\t\t<i class=\"flaticon flaticon-clock-2\"><\/i>\n\t\t\t\t<\/div>\n\n\t\t\t\t\n\t\t\t<\/div>\n\n\t\t\t<div class=\"icon-box-content\">\n\t\t\t\t<div class=\"title\">\n\t\t\t\t\t<h2>Kontakt<\/h2>\n\t\t\t\t<\/div>\n\t\t\t\t<div class=\"description\">\n\t\t\t\t\t<p>Rozliczenia: <a href=\"mailto:billing_poland@finest.eu\">billing_poland@finest.eu<\/a>\n<br>Sprzeda\u017c: <a href=\"mailto:pl-sales@finest.eu\">pl-sales@finest.eu<\/a>\n<br>Kontakt: <a href=\"mailto:info@finest.eul\">info@finest.eu<\/a>\n<\/p>\n\t\t\t\t<\/div>\n\t\t\t<\/div>\n\t\t<\/div>\n\t\t\n\t\t\n\t\t\t\t\t\t<\/div>\n\t\t\t\t<\/div>\n\t\t\t\t\t<\/div>\n\t\t<\/div>\n\t\t\t\t<div class=\"elementor-column elementor-col-33 elementor-top-column elementor-element elementor-element-6561c19\" data-id=\"6561c19\" data-element_type=\"column\" data-e-type=\"column\">\n\t\t\t<div class=\"elementor-widget-wrap elementor-element-populated\">\n\t\t\t\t\t\t<div class=\"elementor-element elementor-element-c866ded elementor-widget elementor-widget-iconbox\" data-id=\"c866ded\" data-element_type=\"widget\" data-e-type=\"widget\" data-widget_type=\"iconbox.default\">\n\t\t\t\t<div class=\"elementor-widget-container\">\n\t\t\t\t\t\n\t\t\n\t\t<div class=\"icon-box style-two\">\n\n\t\t\t<div class=\"icon-box-icon\">\n\n\t\t\t\t\t\t\t\t<div class=\"icon\">\n\t\t\t\t\t<i class=\"flaticon flaticon-placeholder\"><\/i>\n\t\t\t\t<\/div>\n\n\t\t\t\t\n\t\t\t<\/div>\n\n\t\t\t<div class=\"icon-box-content\">\n\t\t\t\t<div class=\"title\">\n\t\t\t\t\t<h2>FINEST Sp. z o.o.<\/h2>\n\t\t\t\t<\/div>\n\t\t\t\t<div class=\"description\">\n\t\t\t\t\t<p><b>Polskie biuro (Gdansk)<\/b><br\/>\nOlivia Business Centre,\n<BR>Olivia Star O4,\nAl.Grunwaldzka 472\n<br>80-309 Gda\u0144sk\nPoland\n<br>\n<br>KRS: 0000706659\n<br>Tel: (+48) 506 017 520\n<\/p>\n\t\t\t\t<\/div>\n\t\t\t<\/div>\n\t\t<\/div>\n\t\t\n\t\t\n\t\t\t\t\t\t<\/div>\n\t\t\t\t<\/div>\n\t\t\t\t\t<\/div>\n\t\t<\/div>\n\t\t\t\t\t<\/div>\n\t\t<\/section>\n\t\t\t\t<section class=\"elementor-section elementor-top-section elementor-element elementor-element-d7e3d6f elementor-section-boxed elementor-section-height-default elementor-section-height-default\" data-id=\"d7e3d6f\" data-element_type=\"section\" data-e-type=\"section\">\n\t\t\t\t\t\t<div class=\"elementor-container elementor-column-gap-default\">\n\t\t\t\t\t<div class=\"elementor-column elementor-col-100 elementor-top-column elementor-element elementor-element-d308ce8\" data-id=\"d308ce8\" data-element_type=\"column\" data-e-type=\"column\">\n\t\t\t<div class=\"elementor-widget-wrap elementor-element-populated\">\n\t\t\t\t\t\t<div class=\"elementor-element elementor-element-b3f2b1a elementor-widget elementor-widget-sectiontitle\" data-id=\"b3f2b1a\" data-element_type=\"widget\" data-e-type=\"widget\" data-widget_type=\"sectiontitle.default\">\n\t\t\t\t<div class=\"elementor-widget-container\">\n\t\t\t\t\t\r\n\t\t\t\t\t<div class=\"style-seven\">\r\n\r\n\t\t\t\t<div class=\"section-title t_center\">\r\n\t\t\t\t\t\r\n\t\t\t\t\t\r\n\t\t\t\t\t \r\n\t\t\t\t\t\t<h2>Jak dosta\u0107 si\u0119 <span>do naszego biura?<\/span><\/h2>\r\n\t\t\t\t\t\r\n\t\t\t\t\t\r\n\r\n\r\n\t\t\t\t<\/div>\t\r\n\r\n\t\t\t<\/div>\r\n\r\n\t\t\r\n\t\t\t\t\t\t<\/div>\n\t\t\t\t<\/div>\n\t\t\t\t<div class=\"elementor-element elementor-element-441837e elementor-widget elementor-widget-text-editor\" data-id=\"441837e\" data-element_type=\"widget\" data-e-type=\"widget\" data-widget_type=\"text-editor.default\">\n\t\t\t\t<div class=\"elementor-widget-container\">\n\t\t\t\t\t\t\t\t\tSiedziba naszego polskiego oddzia\u0142u znajduje si\u0119 w gda\u0144skiej dzielnicy Oliwa, w kompleksie biurowym Olivia Business Centre, w budynku Olivia Four, w strefie O4, na 1. pi\u0119trze.\t\t\t\t\t\t\t\t<\/div>\n\t\t\t\t<\/div>\n\t\t\t\t\t<\/div>\n\t\t<\/div>\n\t\t\t\t\t<\/div>\n\t\t<\/section>\n\t\t\t\t<header class=\"elementor-section elementor-top-section elementor-element elementor-element-993da46 elementor-section-full_width elementor-hidden-tablet elementor-hidden-mobile elementor-section-height-default elementor-section-height-default\" data-id=\"993da46\" data-element_type=\"section\" data-e-type=\"section\">\n\t\t\t\t\t\t<div class=\"elementor-container elementor-column-gap-no\">\n\t\t\t\t\t<div class=\"elementor-column elementor-col-100 elementor-top-column elementor-element elementor-element-0b71c73\" data-id=\"0b71c73\" data-element_type=\"column\" data-e-type=\"column\">\n\t\t\t<div class=\"elementor-widget-wrap elementor-element-populated\">\n\t\t\t\t\t\t<div class=\"elementor-element elementor-element-bbb3d45 elementor-widget elementor-widget-google_maps\" data-id=\"bbb3d45\" data-element_type=\"widget\" data-e-type=\"widget\" data-widget_type=\"google_maps.default\">\n\t\t\t\t<div class=\"elementor-widget-container\">\n\t\t\t\t\t\t\t<div class=\"elementor-custom-embed\">\n\t\t\t<iframe loading=\"lazy\"\n\t\t\t\t\tsrc=\"https:\/\/maps.google.com\/maps?q=Olivia%20Four%2C%20w%20strefie%20O4%2C%20na%201.%20pi%C4%99trze&#038;t=m&#038;z=13&#038;output=embed&#038;iwloc=near\"\n\t\t\t\t\ttitle=\"Olivia Four, w strefie O4, na 1. pi\u0119trze\"\n\t\t\t\t\taria-label=\"Olivia Four, w strefie O4, na 1. pi\u0119trze\"\n\t\t\t><\/iframe>\n\t\t<\/div>\n\t\t\t\t\t\t<\/div>\n\t\t\t\t<\/div>\n\t\t\t\t\t<\/div>\n\t\t<\/div>\n\t\t\t\t\t<\/div>\n\t\t<\/header>\n\t\t\t\t<\/div>\n\t\t","protected":false},"excerpt":{"rendered":"<p>Skontaktuj si\u0119 z nami! To do nas zg\u0142aszaj\u0105 si\u0119 ludzie, gdy chc\u0105 mie\u0107 wspania\u0142e miejsce pracy lub e-biznes funkcjonuj\u0105cy jak w zegarku. FINEST AS G\u0142\u00f3wne biuro (Tallinn) Tartu mnt 80D, 10112, Tallinn, Estonia Tartu biuro Kompanii 10, 51007, Tartu, Estonia KRS: 10714404 KMKR: EE100661873 Tel: (+372) 655 8043 Kontakt Rozliczenia: billing_poland@finest.eu Sprzeda\u017c: pl-sales@finest.eu Kontakt: info@finest.eu [&hellip;]<\/p>\n","protected":false},"author":1,"featured_media":14042,"parent":0,"menu_order":0,"comment_status":"closed","ping_status":"closed","template":"page-templates\/template-default.php","meta":{"inline_featured_image":false,"footnotes":""},"class_list":["post-14439","page","type-page","status-publish","has-post-thumbnail","hentry"],"yoast_head":"<!-- This site is optimized with the Yoast SEO plugin v27.4 - https:\/\/yoast.com\/product\/yoast-seo-wordpress\/ -->\n<title>Kontakt<\/title>\n<meta name=\"description\" content=\"To do nas zg\u0142aszaj\u0105 si\u0119 ludzie, gdy chc\u0105 mie\u0107 wspania\u0142e miejsce pracy lub e-biznes funkcjonuj\u0105cy jak w zegarku.\" \/>\n<meta name=\"robots\" content=\"index, follow, max-snippet:-1, max-image-preview:large, max-video-preview:-1\" \/>\n<link rel=\"canonical\" href=\"https:\/\/finest.eu\/pl\/kontakt\/\" \/>\n<meta property=\"og:locale\" content=\"pl_PL\" \/>\n<meta property=\"og:type\" content=\"article\" \/>\n<meta property=\"og:title\" content=\"Kontakt\" \/>\n<meta property=\"og:description\" content=\"To do nas zg\u0142aszaj\u0105 si\u0119 ludzie, gdy chc\u0105 mie\u0107 wspania\u0142e miejsce pracy lub e-biznes funkcjonuj\u0105cy jak w zegarku.\" \/>\n<meta property=\"og:url\" content=\"https:\/\/finest.eu\/pl\/kontakt\/\" \/>\n<meta property=\"og:site_name\" content=\"FINEST AS\" \/>\n<meta property=\"article:publisher\" content=\"https:\/\/www.facebook.com\/finest.eu\" \/>\n<meta property=\"article:modified_time\" content=\"2026-02-10T18:52:21+00:00\" \/>\n<meta property=\"og:image\" content=\"https:\/\/finest.eu\/wp-content\/uploads\/2023\/01\/Finestmedia-17-scaled.jpg\" \/>\n\t<meta property=\"og:image:width\" content=\"2560\" \/>\n\t<meta property=\"og:image:height\" content=\"1703\" \/>\n\t<meta property=\"og:image:type\" content=\"image\/jpeg\" \/>\n<meta name=\"twitter:card\" content=\"summary_large_image\" \/>\n<meta name=\"twitter:label1\" content=\"Szacowany czas czytania\" \/>\n\t<meta name=\"twitter:data1\" content=\"1 minuta\" \/>\n<script type=\"application\/ld+json\" class=\"yoast-schema-graph\">{\"@context\":\"https:\\\/\\\/schema.org\",\"@graph\":[{\"@type\":\"WebPage\",\"@id\":\"https:\\\/\\\/finest.eu\\\/pl\\\/kontakt\\\/\",\"url\":\"https:\\\/\\\/finest.eu\\\/pl\\\/kontakt\\\/\",\"name\":\"Kontakt\",\"isPartOf\":{\"@id\":\"https:\\\/\\\/finest.eu\\\/pl\\\/#website\"},\"primaryImageOfPage\":{\"@id\":\"https:\\\/\\\/finest.eu\\\/pl\\\/kontakt\\\/#primaryimage\"},\"image\":{\"@id\":\"https:\\\/\\\/finest.eu\\\/pl\\\/kontakt\\\/#primaryimage\"},\"thumbnailUrl\":\"https:\\\/\\\/finest.eu\\\/wp-content\\\/uploads\\\/2023\\\/01\\\/Finestmedia-17-scaled.jpg\",\"datePublished\":\"2021-01-14T05:38:01+00:00\",\"dateModified\":\"2026-02-10T18:52:21+00:00\",\"description\":\"To do nas zg\u0142aszaj\u0105 si\u0119 ludzie, gdy chc\u0105 mie\u0107 wspania\u0142e miejsce pracy lub e-biznes funkcjonuj\u0105cy jak w zegarku.\",\"breadcrumb\":{\"@id\":\"https:\\\/\\\/finest.eu\\\/pl\\\/kontakt\\\/#breadcrumb\"},\"inLanguage\":\"pl-PL\",\"potentialAction\":[{\"@type\":\"ReadAction\",\"target\":[\"https:\\\/\\\/finest.eu\\\/pl\\\/kontakt\\\/\"]}]},{\"@type\":\"ImageObject\",\"inLanguage\":\"pl-PL\",\"@id\":\"https:\\\/\\\/finest.eu\\\/pl\\\/kontakt\\\/#primaryimage\",\"url\":\"https:\\\/\\\/finest.eu\\\/wp-content\\\/uploads\\\/2023\\\/01\\\/Finestmedia-17-scaled.jpg\",\"contentUrl\":\"https:\\\/\\\/finest.eu\\\/wp-content\\\/uploads\\\/2023\\\/01\\\/Finestmedia-17-scaled.jpg\",\"width\":2560,\"height\":1703},{\"@type\":\"BreadcrumbList\",\"@id\":\"https:\\\/\\\/finest.eu\\\/pl\\\/kontakt\\\/#breadcrumb\",\"itemListElement\":[{\"@type\":\"ListItem\",\"position\":1,\"name\":\"Home\",\"item\":\"https:\\\/\\\/finest.eu\\\/pl\\\/\"},{\"@type\":\"ListItem\",\"position\":2,\"name\":\"Kontakt\"}]},{\"@type\":\"WebSite\",\"@id\":\"https:\\\/\\\/finest.eu\\\/pl\\\/#website\",\"url\":\"https:\\\/\\\/finest.eu\\\/pl\\\/\",\"name\":\"FINEST AS\",\"description\":\"We dream, design and develop productive and dependable software solutions that improve people\u2019s lives.\",\"publisher\":{\"@id\":\"https:\\\/\\\/finest.eu\\\/pl\\\/#organization\"},\"potentialAction\":[{\"@type\":\"SearchAction\",\"target\":{\"@type\":\"EntryPoint\",\"urlTemplate\":\"https:\\\/\\\/finest.eu\\\/pl\\\/?s={search_term_string}\"},\"query-input\":{\"@type\":\"PropertyValueSpecification\",\"valueRequired\":true,\"valueName\":\"search_term_string\"}}],\"inLanguage\":\"pl-PL\"},{\"@type\":\"Organization\",\"@id\":\"https:\\\/\\\/finest.eu\\\/pl\\\/#organization\",\"name\":\"FINEST AS\",\"url\":\"https:\\\/\\\/finest.eu\\\/pl\\\/\",\"logo\":{\"@type\":\"ImageObject\",\"inLanguage\":\"pl-PL\",\"@id\":\"https:\\\/\\\/finest.eu\\\/pl\\\/#\\\/schema\\\/logo\\\/image\\\/\",\"url\":\"https:\\\/\\\/finest.eu\\\/wp-content\\\/uploads\\\/2022\\\/11\\\/FM_logo_01-1-e1667906426747.png\",\"contentUrl\":\"https:\\\/\\\/finest.eu\\\/wp-content\\\/uploads\\\/2022\\\/11\\\/FM_logo_01-1-e1667906426747.png\",\"width\":61,\"height\":105,\"caption\":\"FINEST AS\"},\"image\":{\"@id\":\"https:\\\/\\\/finest.eu\\\/pl\\\/#\\\/schema\\\/logo\\\/image\\\/\"},\"sameAs\":[\"https:\\\/\\\/www.facebook.com\\\/finest.eu\",\"https:\\\/\\\/www.linkedin.com\\\/company\\\/finest-ldt\\\/\"]}]}<\/script>\n<!-- \/ Yoast SEO plugin. -->","yoast_head_json":{"title":"Kontakt","description":"To do nas zg\u0142aszaj\u0105 si\u0119 ludzie, gdy chc\u0105 mie\u0107 wspania\u0142e miejsce pracy lub e-biznes funkcjonuj\u0105cy jak w zegarku.","robots":{"index":"index","follow":"follow","max-snippet":"max-snippet:-1","max-image-preview":"max-image-preview:large","max-video-preview":"max-video-preview:-1"},"canonical":"https:\/\/finest.eu\/pl\/kontakt\/","og_locale":"pl_PL","og_type":"article","og_title":"Kontakt","og_description":"To do nas zg\u0142aszaj\u0105 si\u0119 ludzie, gdy chc\u0105 mie\u0107 wspania\u0142e miejsce pracy lub e-biznes funkcjonuj\u0105cy jak w zegarku.","og_url":"https:\/\/finest.eu\/pl\/kontakt\/","og_site_name":"FINEST AS","article_publisher":"https:\/\/www.facebook.com\/finest.eu","article_modified_time":"2026-02-10T18:52:21+00:00","og_image":[{"width":2560,"height":1703,"url":"https:\/\/finest.eu\/wp-content\/uploads\/2023\/01\/Finestmedia-17-scaled.jpg","type":"image\/jpeg"}],"twitter_card":"summary_large_image","twitter_misc":{"Szacowany czas czytania":"1 minuta"},"schema":{"@context":"https:\/\/schema.org","@graph":[{"@type":"WebPage","@id":"https:\/\/finest.eu\/pl\/kontakt\/","url":"https:\/\/finest.eu\/pl\/kontakt\/","name":"Kontakt","isPartOf":{"@id":"https:\/\/finest.eu\/pl\/#website"},"primaryImageOfPage":{"@id":"https:\/\/finest.eu\/pl\/kontakt\/#primaryimage"},"image":{"@id":"https:\/\/finest.eu\/pl\/kontakt\/#primaryimage"},"thumbnailUrl":"https:\/\/finest.eu\/wp-content\/uploads\/2023\/01\/Finestmedia-17-scaled.jpg","datePublished":"2021-01-14T05:38:01+00:00","dateModified":"2026-02-10T18:52:21+00:00","description":"To do nas zg\u0142aszaj\u0105 si\u0119 ludzie, gdy chc\u0105 mie\u0107 wspania\u0142e miejsce pracy lub e-biznes funkcjonuj\u0105cy jak w zegarku.","breadcrumb":{"@id":"https:\/\/finest.eu\/pl\/kontakt\/#breadcrumb"},"inLanguage":"pl-PL","potentialAction":[{"@type":"ReadAction","target":["https:\/\/finest.eu\/pl\/kontakt\/"]}]},{"@type":"ImageObject","inLanguage":"pl-PL","@id":"https:\/\/finest.eu\/pl\/kontakt\/#primaryimage","url":"https:\/\/finest.eu\/wp-content\/uploads\/2023\/01\/Finestmedia-17-scaled.jpg","contentUrl":"https:\/\/finest.eu\/wp-content\/uploads\/2023\/01\/Finestmedia-17-scaled.jpg","width":2560,"height":1703},{"@type":"BreadcrumbList","@id":"https:\/\/finest.eu\/pl\/kontakt\/#breadcrumb","itemListElement":[{"@type":"ListItem","position":1,"name":"Home","item":"https:\/\/finest.eu\/pl\/"},{"@type":"ListItem","position":2,"name":"Kontakt"}]},{"@type":"WebSite","@id":"https:\/\/finest.eu\/pl\/#website","url":"https:\/\/finest.eu\/pl\/","name":"FINEST AS","description":"We dream, design and develop productive and dependable software solutions that improve people\u2019s lives.","publisher":{"@id":"https:\/\/finest.eu\/pl\/#organization"},"potentialAction":[{"@type":"SearchAction","target":{"@type":"EntryPoint","urlTemplate":"https:\/\/finest.eu\/pl\/?s={search_term_string}"},"query-input":{"@type":"PropertyValueSpecification","valueRequired":true,"valueName":"search_term_string"}}],"inLanguage":"pl-PL"},{"@type":"Organization","@id":"https:\/\/finest.eu\/pl\/#organization","name":"FINEST AS","url":"https:\/\/finest.eu\/pl\/","logo":{"@type":"ImageObject","inLanguage":"pl-PL","@id":"https:\/\/finest.eu\/pl\/#\/schema\/logo\/image\/","url":"https:\/\/finest.eu\/wp-content\/uploads\/2022\/11\/FM_logo_01-1-e1667906426747.png","contentUrl":"https:\/\/finest.eu\/wp-content\/uploads\/2022\/11\/FM_logo_01-1-e1667906426747.png","width":61,"height":105,"caption":"FINEST AS"},"image":{"@id":"https:\/\/finest.eu\/pl\/#\/schema\/logo\/image\/"},"sameAs":["https:\/\/www.facebook.com\/finest.eu","https:\/\/www.linkedin.com\/company\/finest-ldt\/"]}]}},"_links":{"self":[{"href":"https:\/\/finest.eu\/pl\/wp-json\/wp\/v2\/pages\/14439","targetHints":{"allow":["GET"]}}],"collection":[{"href":"https:\/\/finest.eu\/pl\/wp-json\/wp\/v2\/pages"}],"about":[{"href":"https:\/\/finest.eu\/pl\/wp-json\/wp\/v2\/types\/page"}],"author":[{"embeddable":true,"href":"https:\/\/finest.eu\/pl\/wp-json\/wp\/v2\/users\/1"}],"replies":[{"embeddable":true,"href":"https:\/\/finest.eu\/pl\/wp-json\/wp\/v2\/comments?post=14439"}],"version-history":[{"count":84,"href":"https:\/\/finest.eu\/pl\/wp-json\/wp\/v2\/pages\/14439\/revisions"}],"predecessor-version":[{"id":17342,"href":"https:\/\/finest.eu\/pl\/wp-json\/wp\/v2\/pages\/14439\/revisions\/17342"}],"wp:featuredmedia":[{"embeddable":true,"href":"https:\/\/finest.eu\/pl\/wp-json\/wp\/v2\/media\/14042"}],"wp:attachment":[{"href":"https:\/\/finest.eu\/pl\/wp-json\/wp\/v2\/media?parent=14439"}],"curies":[{"name":"wp","href":"https:\/\/api.w.org\/{rel}","templated":true}]}}